{"id":9,"date":"2020-12-03T13:43:03","date_gmt":"2020-12-03T12:43:03","guid":{"rendered":"http:\/\/zs1-malta.nowotarski.edu.pl\/?page_id=9"},"modified":"2020-12-03T13:43:03","modified_gmt":"2020-12-03T12:43:03","slug":"uczestnicy-projektu","status":"publish","type":"page","link":"https:\/\/zs1-malta.nowotarski.edu.pl\/index.php\/uczestnicy-projektu\/","title":{"rendered":"Uczestnicy projektu"},"content":{"rendered":"\n<p>Grupa I &#8211; nauczyciele przedmiot\u00f3w zawodowych<\/p>\n\n\n\n<ol><li> Bachulski Micha\u0142<\/li><li> Ci\u0119\u017cobka Marek<\/li><li> Gie\u0142czy\u0144ska Maria<\/li><li> J\u00f3zefczyk Grzegorz<\/li><li> Koczur Anna<\/li><li> Podkanowicz Bogumi\u0142a<\/li><li> Ry\u015b Anna<\/li><li> Stramek Agata<\/li><li> W\u00f3jtowicz Alicja<\/li><\/ol>\n\n\n\n<p>Grupa II&nbsp; nauczyciele przedmiot\u00f3w og\u00f3lnokszta\u0142c\u0105cych&nbsp;<\/p>\n\n\n\n<ol><li> Bogaczyk El\u017cbieta<\/li><li> Bryniarska Agnieszka<\/li><li> Fry\u017alewicz -Luberda Joanna\u00a0<\/li><li> Kapel Joanna<\/li><li> Ole\u015b-J\u00f3zefczyk Stanis\u0142awa<\/li><\/ol>\n\n\n\n<p>Grupa III &#8211; nauczyciele j\u0119zyka angielskiego&nbsp;<\/p>\n\n\n\n<ol><li> Giacomini &#8211; Rybczy\u0144ska Barbara<\/li><li> Wielgos &#8211; Truty Aldona<\/li><\/ol>\n","protected":false},"excerpt":{"rendered":"<p>Grupa I &#8211; nauczyciele przedmiot\u00f3w zawodowych Bachulski Micha\u0142 Ci\u0119\u017cobka Marek Gie\u0142czy\u0144ska Maria J\u00f3zefczyk Grzegorz Koczur Anna Podkanowicz Bogumi\u0142a Ry\u015b Anna Stramek Agata W\u00f3jtowicz Alicja Grupa II&nbsp; nauczyciele przedmiot\u00f3w og\u00f3lnokszta\u0142c\u0105cych&nbsp; Bogaczyk El\u017cbieta Bryniarska Agnieszka Fry\u017alewicz -Luberda Joanna\u00a0 Kapel Joanna Ole\u015b-J\u00f3zefczyk Stanis\u0142awa Grupa III &#8211; nauczyciele j\u0119zyka angielskiego&nbsp; Giacomini &#8211; Rybczy\u0144ska Barbara Wielgos &#8211; Truty Aldona<\/p>\n","protected":false},"author":1,"featured_media":0,"parent":0,"menu_order":0,"comment_status":"closed","ping_status":"closed","template":"","meta":[],"_links":{"self":[{"href":"https:\/\/zs1-malta.nowotarski.edu.pl\/index.php\/wp-json\/wp\/v2\/pages\/9"}],"collection":[{"href":"https:\/\/zs1-malta.nowotarski.edu.pl\/index.php\/wp-json\/wp\/v2\/pages"}],"about":[{"href":"https:\/\/zs1-malta.nowotarski.edu.pl\/index.php\/wp-json\/wp\/v2\/types\/page"}],"author":[{"embeddable":true,"href":"https:\/\/zs1-malta.nowotarski.edu.pl\/index.php\/wp-json\/wp\/v2\/users\/1"}],"replies":[{"embeddable":true,"href":"https:\/\/zs1-malta.nowotarski.edu.pl\/index.php\/wp-json\/wp\/v2\/comments?post=9"}],"version-history":[{"count":1,"href":"https:\/\/zs1-malta.nowotarski.edu.pl\/index.php\/wp-json\/wp\/v2\/pages\/9\/revisions"}],"predecessor-version":[{"id":10,"href":"https:\/\/zs1-malta.nowotarski.edu.pl\/index.php\/wp-json\/wp\/v2\/pages\/9\/revisions\/10"}],"wp:attachment":[{"href":"https:\/\/zs1-malta.nowotarski.edu.pl\/index.php\/wp-json\/wp\/v2\/media?parent=9"}],"curies":[{"name":"wp","href":"https:\/\/api.w.org\/{rel}","templated":true}]}}