{"id":7,"date":"2020-12-03T13:42:09","date_gmt":"2020-12-03T12:42:09","guid":{"rendered":"http:\/\/zs1-malta.nowotarski.edu.pl\/?page_id=7"},"modified":"2021-01-26T09:19:40","modified_gmt":"2021-01-26T08:19:40","slug":"o-projekcie","status":"publish","type":"page","link":"https:\/\/zs1-malta.nowotarski.edu.pl\/","title":{"rendered":"O projekcie"},"content":{"rendered":"\n<p><strong>Projekt realizowany<\/strong> <strong>ze \u015brodk\u00f3w&nbsp;Programu Operacyjnego Wiedza Edukacja Rozw\u00f3j&nbsp;(PO WER)&nbsp;w ramach projektu<\/strong><\/p>\n\n\n\n<p><strong>&nbsp;\u201eMi\u0119dzynarodowa mobilno\u015b\u0107 kadry edukacji szkolnej\u201d<\/strong><\/p>\n\n\n\n<p><strong>Projekt \u201eGranice j\u0119zyka &#8211; granicami \u015bwiata\u201d<\/strong><\/p>\n\n\n\n<p><strong>POWERSE-2019-1-PL01-KA101-062967<\/strong><\/p>\n\n\n\n<p><strong>Termin realizacji: 20.10.2019 &#8211; 19.09.2020<\/strong><\/p>\n\n\n\n<p>Koordynator projektu: mgr Aldona Wielgos-Truty<\/p>\n\n\n\n<p>Przedmiotem projektu jest organizacja wyjazd\u00f3w szkoleniowych&nbsp;<\/p>\n\n\n\n<p>&nbsp;&#8211; kurs j\u0119zyka angielskiego z elementami CLIL dla 9 nauczycieli przedmiot\u00f3w zawodowych &#8211; szkolenie j\u0119zykowe maj\u0105ce na celu r\u00f3wnomierne rozwini\u0119cie kompetencji j\u0119zykowych w r\u00f3\u017cnych obszarach tematycznych zwi\u0105zanych z prac\u0105 zawodow\u0105 oraz zapoznanie z metod\u0105 zintegrowanego kszta\u0142cenia przedmiotowo &#8211; j\u0119zykowego.<\/p>\n\n\n\n<p>&#8211; kurs j\u0119zyka angielskiego dla 5 nauczycieli przedmiot\u00f3w og\u00f3lnokszta\u0142c\u0105cych &#8211; szkolenie j\u0119zykowe maj\u0105ce na celu r\u00f3wnomierne rozwini\u0119cie kompetencji j\u0119zykowych w r\u00f3\u017cnych obszarach tematycznych zwi\u0105zanych z prac\u0105 zawodow\u0105&nbsp;<\/p>\n\n\n\n<p>&#8211; kurs j\u0119zyka angielskiego zawodowego dla 2 nauczycieli j\u0119zyka angielskiego &#8211; szkolenie maj\u0105ce na celu rozwini\u0119cie s\u0142ownictwa, struktur i metod nauczania stosowanych w j\u0119zyku angielskim zawodowy<br><\/p>\n\n\n\n<figure class=\"wp-block-image size-large\"><img loading=\"lazy\" width=\"573\" height=\"83\" src=\"http:\/\/zs1-malta.nowotarski.edu.pl\/wp-content\/uploads\/2021\/01\/logo-zs1.jpg\" alt=\"\" class=\"wp-image-92\" srcset=\"https:\/\/zs1-malta.nowotarski.edu.pl\/wp-content\/uploads\/2021\/01\/logo-zs1.jpg 573w, https:\/\/zs1-malta.nowotarski.edu.pl\/wp-content\/uploads\/2021\/01\/logo-zs1-300x43.jpg 300w\" sizes=\"(max-width: 573px) 100vw, 573px\" \/><\/figure>\n\n\n\n<p><\/p>\n","protected":false},"excerpt":{"rendered":"<p>Projekt realizowany ze \u015brodk\u00f3w&nbsp;Programu Operacyjnego Wiedza Edukacja Rozw\u00f3j&nbsp;(PO WER)&nbsp;w ramach projektu &nbsp;\u201eMi\u0119dzynarodowa mobilno\u015b\u0107 kadry edukacji szkolnej\u201d Projekt \u201eGranice j\u0119zyka &#8211; granicami \u015bwiata\u201d POWERSE-2019-1-PL01-KA101-062967 Termin realizacji: 20.10.2019 &#8211; 19.09.2020 Koordynator projektu: mgr Aldona Wielgos-Truty Przedmiotem projektu jest organizacja wyjazd\u00f3w szkoleniowych&nbsp; &nbsp;&#8211; kurs j\u0119zyka angielskiego z elementami CLIL dla 9 nauczycieli przedmiot\u00f3w zawodowych &#8211; szkolenie j\u0119zykowe maj\u0105ce [&hellip;]<\/p>\n","protected":false},"author":1,"featured_media":0,"parent":0,"menu_order":0,"comment_status":"closed","ping_status":"closed","template":"","meta":[],"_links":{"self":[{"href":"https:\/\/zs1-malta.nowotarski.edu.pl\/index.php\/wp-json\/wp\/v2\/pages\/7"}],"collection":[{"href":"https:\/\/zs1-malta.nowotarski.edu.pl\/index.php\/wp-json\/wp\/v2\/pages"}],"about":[{"href":"https:\/\/zs1-malta.nowotarski.edu.pl\/index.php\/wp-json\/wp\/v2\/types\/page"}],"author":[{"embeddable":true,"href":"https:\/\/zs1-malta.nowotarski.edu.pl\/index.php\/wp-json\/wp\/v2\/users\/1"}],"replies":[{"embeddable":true,"href":"https:\/\/zs1-malta.nowotarski.edu.pl\/index.php\/wp-json\/wp\/v2\/comments?post=7"}],"version-history":[{"count":3,"href":"https:\/\/zs1-malta.nowotarski.edu.pl\/index.php\/wp-json\/wp\/v2\/pages\/7\/revisions"}],"predecessor-version":[{"id":94,"href":"https:\/\/zs1-malta.nowotarski.edu.pl\/index.php\/wp-json\/wp\/v2\/pages\/7\/revisions\/94"}],"wp:attachment":[{"href":"https:\/\/zs1-malta.nowotarski.edu.pl\/index.php\/wp-json\/wp\/v2\/media?parent=7"}],"curies":[{"name":"wp","href":"https:\/\/api.w.org\/{rel}","templated":true}]}}