{"id":13,"date":"2020-12-03T13:43:53","date_gmt":"2020-12-03T12:43:53","guid":{"rendered":"http:\/\/zs1-malta.nowotarski.edu.pl\/?page_id=13"},"modified":"2020-12-03T13:43:53","modified_gmt":"2020-12-03T12:43:53","slug":"efekty-projektu","status":"publish","type":"page","link":"https:\/\/zs1-malta.nowotarski.edu.pl\/index.php\/efekty-projektu\/","title":{"rendered":"Efekty projektu"},"content":{"rendered":"\n<p>Mobilno\u015b\u0107 nauczycieli na Malcie pozwoli\u0142a na znaczn\u0105 popraw\u0119 umiej\u0119tno\u015bci komunikacji w j\u0119zyku angielskim oraz umo\u017cliwi\u0142a poznanie nowych metod pracy w wymiarze mi\u0119dzynarodowym. Szkolenie stanowi\u0142o motywacj\u0119 do nauki przed wyjazdem i po jego zako\u0144czeniu. Doskonalenie zawodowe nauczycieli wp\u0142yn\u0119\u0142o na podniesienie jako\u015bci pracy szko\u0142y. J\u0119zyk angielski jest stopniowo wprowadzany w szkole jako j\u0119zyk pomocniczy na zaj\u0119ciach przedmiot\u00f3w zawodowych. Wdro\u017cenie innowacyjnych metod nauczania wp\u0142yn\u0119\u0142o na atrakcyjno\u015b\u0107 i efektywno\u015b\u0107 prowadzonych zaj\u0119\u0107. Nauczyciele u\u017cywaj\u0105 j\u0119zyka angielskiego w celu dalszego doskonalenia zawodowego. Kurs Business English wp\u0142yn\u0105\u0142 na podniesienie poziomu nauczania j\u0119zyka angielskiego zawodowego, dzi\u0119ki podniesieniu znajomo\u015bci s\u0142ownictwa zwi\u0105zanego z angielskim zawodowym oraz poznaniu ciekawych metod pracy. Nauczyciele swobodnie komunikuj\u0105 si\u0119 w sytuacjach zwi\u0105zanych z kontaktami mi\u0119dzyszkolnymi,\u00a0 wykorzystuj\u0105 nawi\u0105zane kontakty mi\u0119dzynarodowe i u\u017cywaj\u0105 angielskiego w celu realizacji mi\u0119dzynarodowych projekt\u00f3w.\u00a0 Uczestnicy poszerzyli\u00a0 wiedz\u0119 na temat innych kraj\u00f3w europejskich i ich obywateli oraz otwarli si\u0119 na nowe do\u015bwiadczenia wp\u0142ywaj\u0105ce na ich rozw\u00f3j zawodowy i osobisty.<br><\/p>\n","protected":false},"excerpt":{"rendered":"<p>Mobilno\u015b\u0107 nauczycieli na Malcie pozwoli\u0142a na znaczn\u0105 popraw\u0119 umiej\u0119tno\u015bci komunikacji w j\u0119zyku angielskim oraz umo\u017cliwi\u0142a poznanie nowych metod pracy w wymiarze mi\u0119dzynarodowym. Szkolenie stanowi\u0142o motywacj\u0119 do nauki przed wyjazdem i po jego zako\u0144czeniu. Doskonalenie zawodowe nauczycieli wp\u0142yn\u0119\u0142o na podniesienie jako\u015bci pracy szko\u0142y. J\u0119zyk angielski jest stopniowo wprowadzany w szkole jako j\u0119zyk pomocniczy na zaj\u0119ciach przedmiot\u00f3w [&hellip;]<\/p>\n","protected":false},"author":1,"featured_media":0,"parent":0,"menu_order":0,"comment_status":"closed","ping_status":"closed","template":"","meta":[],"_links":{"self":[{"href":"https:\/\/zs1-malta.nowotarski.edu.pl\/index.php\/wp-json\/wp\/v2\/pages\/13"}],"collection":[{"href":"https:\/\/zs1-malta.nowotarski.edu.pl\/index.php\/wp-json\/wp\/v2\/pages"}],"about":[{"href":"https:\/\/zs1-malta.nowotarski.edu.pl\/index.php\/wp-json\/wp\/v2\/types\/page"}],"author":[{"embeddable":true,"href":"https:\/\/zs1-malta.nowotarski.edu.pl\/index.php\/wp-json\/wp\/v2\/users\/1"}],"replies":[{"embeddable":true,"href":"https:\/\/zs1-malta.nowotarski.edu.pl\/index.php\/wp-json\/wp\/v2\/comments?post=13"}],"version-history":[{"count":1,"href":"https:\/\/zs1-malta.nowotarski.edu.pl\/index.php\/wp-json\/wp\/v2\/pages\/13\/revisions"}],"predecessor-version":[{"id":14,"href":"https:\/\/zs1-malta.nowotarski.edu.pl\/index.php\/wp-json\/wp\/v2\/pages\/13\/revisions\/14"}],"wp:attachment":[{"href":"https:\/\/zs1-malta.nowotarski.edu.pl\/index.php\/wp-json\/wp\/v2\/media?parent=13"}],"curies":[{"name":"wp","href":"https:\/\/api.w.org\/{rel}","templated":true}]}}