{"id":11,"date":"2020-12-03T13:43:30","date_gmt":"2020-12-03T12:43:30","guid":{"rendered":"http:\/\/zs1-malta.nowotarski.edu.pl\/?page_id=11"},"modified":"2020-12-03T13:43:30","modified_gmt":"2020-12-03T12:43:30","slug":"dzialania","status":"publish","type":"page","link":"https:\/\/zs1-malta.nowotarski.edu.pl\/index.php\/dzialania\/","title":{"rendered":"Dzia\u0142ania"},"content":{"rendered":"\n<p>Kursy j\u0119zykowe na Malcie poprzedzone by\u0142y przygotowaniem j\u0119zykowo-kulturowym.&nbsp; Nauczyciele brali udzia\u0142 w zaj\u0119ciach przygotowawczych do wyjazdu, kt\u00f3re odbywa\u0142y si\u0119 w Szkole J\u0119zyk\u00f3w Obcych Highland.&nbsp;<\/p>\n\n\n\n<p>Wyjazdy nauczycieli odby\u0142y si\u0119 w dw\u00f3ch tygodniowych turach podczas ferii zimowych:<\/p>\n\n\n\n<p>&#8211;&nbsp; 24.01 &#8211; 31.01. 2020&nbsp;<\/p>\n\n\n\n<p>&#8211;&nbsp; 31.01 &#8211; 7.02.2020<\/p>\n\n\n\n<p>Nauczyciele brali udzia\u0142 w zaplanowanych kursach, ale mieli r\u00f3wnie\u017c okazj\u0119 skorzysta\u0107 z bogatego programu kulturalno- krajoznawczego, poznaj\u0105c najciekawsze pod wzgl\u0119dem historycznym i przyrodniczym miejsca na Malcie.<br><\/p>\n","protected":false},"excerpt":{"rendered":"<p>Kursy j\u0119zykowe na Malcie poprzedzone by\u0142y przygotowaniem j\u0119zykowo-kulturowym.&nbsp; Nauczyciele brali udzia\u0142 w zaj\u0119ciach przygotowawczych do wyjazdu, kt\u00f3re odbywa\u0142y si\u0119 w Szkole J\u0119zyk\u00f3w Obcych Highland.&nbsp; Wyjazdy nauczycieli odby\u0142y si\u0119 w dw\u00f3ch tygodniowych turach podczas ferii zimowych: &#8211;&nbsp; 24.01 &#8211; 31.01. 2020&nbsp; &#8211;&nbsp; 31.01 &#8211; 7.02.2020 Nauczyciele brali udzia\u0142 w zaplanowanych kursach, ale mieli r\u00f3wnie\u017c okazj\u0119 skorzysta\u0107 [&hellip;]<\/p>\n","protected":false},"author":1,"featured_media":0,"parent":0,"menu_order":0,"comment_status":"closed","ping_status":"closed","template":"","meta":[],"_links":{"self":[{"href":"https:\/\/zs1-malta.nowotarski.edu.pl\/index.php\/wp-json\/wp\/v2\/pages\/11"}],"collection":[{"href":"https:\/\/zs1-malta.nowotarski.edu.pl\/index.php\/wp-json\/wp\/v2\/pages"}],"about":[{"href":"https:\/\/zs1-malta.nowotarski.edu.pl\/index.php\/wp-json\/wp\/v2\/types\/page"}],"author":[{"embeddable":true,"href":"https:\/\/zs1-malta.nowotarski.edu.pl\/index.php\/wp-json\/wp\/v2\/users\/1"}],"replies":[{"embeddable":true,"href":"https:\/\/zs1-malta.nowotarski.edu.pl\/index.php\/wp-json\/wp\/v2\/comments?post=11"}],"version-history":[{"count":1,"href":"https:\/\/zs1-malta.nowotarski.edu.pl\/index.php\/wp-json\/wp\/v2\/pages\/11\/revisions"}],"predecessor-version":[{"id":12,"href":"https:\/\/zs1-malta.nowotarski.edu.pl\/index.php\/wp-json\/wp\/v2\/pages\/11\/revisions\/12"}],"wp:attachment":[{"href":"https:\/\/zs1-malta.nowotarski.edu.pl\/index.php\/wp-json\/wp\/v2\/media?parent=11"}],"curies":[{"name":"wp","href":"https:\/\/api.w.org\/{rel}","templated":true}]}}